{"id":117,"date":"2026-03-21T11:36:37","date_gmt":"2026-03-21T11:36:37","guid":{"rendered":"https:\/\/omeryelkenci.com\/?page_id=117"},"modified":"2026-04-03T19:55:12","modified_gmt":"2026-04-03T19:55:12","slug":"gelistirici-secenekleri","status":"publish","type":"page","link":"https:\/\/omeryelkenci.com\/index.php\/gelistirici-secenekleri\/","title":{"rendered":"Geli\u015ftirici Se\u00e7enekleri"},"content":{"rendered":"","protected":true},"excerpt":{"rendered":"","protected":true},"author":2,"featured_media":0,"parent":0,"menu_order":0,"comment_status":"closed","ping_status":"closed","template":"","meta":{"footnotes":""},"class_list":["post-117","page","type-page","status-publish","post-password-required","hentry"],"yoast_head":"<!-- This site is optimized with the Yoast SEO plugin v27.1.1 - https:\/\/yoast.com\/product\/yoast-seo-wordpress\/ -->\n<title>Geli\u015ftirici Se\u00e7enekleri - OmerHub<\/title>\n<meta name=\"robots\" content=\"index, follow, max-snippet:-1, max-image-preview:large, max-video-preview:-1\" \/>\n<link rel=\"canonical\" href=\"https:\/\/omeryelkenci.com\/index.php\/gelistirici-secenekleri\/\" \/>\n<meta property=\"og:locale\" content=\"tr_TR\" \/>\n<meta property=\"og:type\" content=\"article\" \/>\n<meta property=\"og:title\" content=\"Geli\u015ftirici Se\u00e7enekleri - OmerHub\" \/>\n<meta property=\"og:description\" content=\"Burada al\u0131nt\u0131 yok \u00e7\u00fcnk\u00fc bu yaz\u0131 korumal\u0131.\" \/>\n<meta property=\"og:url\" content=\"https:\/\/omeryelkenci.com\/index.php\/gelistirici-secenekleri\/\" \/>\n<meta property=\"og:site_name\" content=\"OmerHub\" \/>\n<meta property=\"article:modified_time\" content=\"2026-04-03T19:55:12+00:00\" \/>\n<meta name=\"twitter:card\" content=\"summary_large_image\" \/>\n<meta name=\"twitter:label1\" content=\"Est. reading time\" \/>\n\t<meta name=\"twitter:data1\" content=\"1 dakika\" \/>\n<script type=\"application\/ld+json\" class=\"yoast-schema-graph\">{\"@context\":\"https:\/\/schema.org\",\"@graph\":[{\"@type\":\"WebPage\",\"@id\":\"https:\/\/omeryelkenci.com\/index.php\/gelistirici-secenekleri\/\",\"url\":\"https:\/\/omeryelkenci.com\/index.php\/gelistirici-secenekleri\/\",\"name\":\"Geli\u015ftirici Se\u00e7enekleri - OmerHub\",\"isPartOf\":{\"@id\":\"https:\/\/omeryelkenci.com\/#website\"},\"datePublished\":\"2026-03-21T11:36:37+00:00\",\"dateModified\":\"2026-04-03T19:55:12+00:00\",\"breadcrumb\":{\"@id\":\"https:\/\/omeryelkenci.com\/index.php\/gelistirici-secenekleri\/#breadcrumb\"},\"inLanguage\":\"tr\"},{\"@type\":\"WebSite\",\"@id\":\"https:\/\/omeryelkenci.com\/#website\",\"url\":\"https:\/\/omeryelkenci.com\/\",\"name\":\"OmerHub\",\"description\":\"\",\"publisher\":{\"@id\":\"https:\/\/omeryelkenci.com\/#organization\"},\"potentialAction\":[{\"@type\":\"SearchAction\",\"target\":{\"@type\":\"EntryPoint\",\"urlTemplate\":\"https:\/\/omeryelkenci.com\/?s={search_term_string}\"},\"query-input\":{\"@type\":\"PropertyValueSpecification\",\"valueRequired\":true,\"valueName\":\"search_term_string\"}}],\"inLanguage\":\"tr\"},{\"@type\":\"Organization\",\"@id\":\"https:\/\/omeryelkenci.com\/#organization\",\"name\":\"OmerHub\",\"url\":\"https:\/\/omeryelkenci.com\/\",\"logo\":{\"@type\":\"ImageObject\",\"inLanguage\":\"tr\",\"@id\":\"https:\/\/omeryelkenci.com\/#\/schema\/logo\/image\/\",\"url\":\"https:\/\/omeryelkenci.com\/wp-content\/uploads\/2026\/03\/omerbot.png\",\"contentUrl\":\"https:\/\/omeryelkenci.com\/wp-content\/uploads\/2026\/03\/omerbot.png\",\"width\":1024,\"height\":1024,\"caption\":\"OmerHub\"},\"image\":{\"@id\":\"https:\/\/omeryelkenci.com\/#\/schema\/logo\/image\/\"}}]}<\/script>\n<!-- \/ Yoast SEO plugin. -->","yoast_head_json":{"title":"Geli\u015ftirici Se\u00e7enekleri - OmerHub","robots":{"index":"index","follow":"follow","max-snippet":"max-snippet:-1","max-image-preview":"max-image-preview:large","max-video-preview":"max-video-preview:-1"},"canonical":"https:\/\/omeryelkenci.com\/index.php\/gelistirici-secenekleri\/","og_locale":"tr_TR","og_type":"article","og_title":"Geli\u015ftirici Se\u00e7enekleri - OmerHub","og_description":"Burada al\u0131nt\u0131 yok \u00e7\u00fcnk\u00fc bu yaz\u0131 korumal\u0131.","og_url":"https:\/\/omeryelkenci.com\/index.php\/gelistirici-secenekleri\/","og_site_name":"OmerHub","article_modified_time":"2026-04-03T19:55:12+00:00","twitter_card":"summary_large_image","twitter_misc":{"Est. reading time":"1 dakika"},"schema":{"@context":"https:\/\/schema.org","@graph":[{"@type":"WebPage","@id":"https:\/\/omeryelkenci.com\/index.php\/gelistirici-secenekleri\/","url":"https:\/\/omeryelkenci.com\/index.php\/gelistirici-secenekleri\/","name":"Geli\u015ftirici Se\u00e7enekleri - OmerHub","isPartOf":{"@id":"https:\/\/omeryelkenci.com\/#website"},"datePublished":"2026-03-21T11:36:37+00:00","dateModified":"2026-04-03T19:55:12+00:00","breadcrumb":{"@id":"https:\/\/omeryelkenci.com\/index.php\/gelistirici-secenekleri\/#breadcrumb"},"inLanguage":"tr"},{"@type":"WebSite","@id":"https:\/\/omeryelkenci.com\/#website","url":"https:\/\/omeryelkenci.com\/","name":"OmerHub","description":"","publisher":{"@id":"https:\/\/omeryelkenci.com\/#organization"},"potentialAction":[{"@type":"SearchAction","target":{"@type":"EntryPoint","urlTemplate":"https:\/\/omeryelkenci.com\/?s={search_term_string}"},"query-input":{"@type":"PropertyValueSpecification","valueRequired":true,"valueName":"search_term_string"}}],"inLanguage":"tr"},{"@type":"Organization","@id":"https:\/\/omeryelkenci.com\/#organization","name":"OmerHub","url":"https:\/\/omeryelkenci.com\/","logo":{"@type":"ImageObject","inLanguage":"tr","@id":"https:\/\/omeryelkenci.com\/#\/schema\/logo\/image\/","url":"https:\/\/omeryelkenci.com\/wp-content\/uploads\/2026\/03\/omerbot.png","contentUrl":"https:\/\/omeryelkenci.com\/wp-content\/uploads\/2026\/03\/omerbot.png","width":1024,"height":1024,"caption":"OmerHub"},"image":{"@id":"https:\/\/omeryelkenci.com\/#\/schema\/logo\/image\/"}}]}},"_links":{"self":[{"href":"https:\/\/omeryelkenci.com\/index.php\/wp-json\/wp\/v2\/pages\/117","targetHints":{"allow":["GET"]}}],"collection":[{"href":"https:\/\/omeryelkenci.com\/index.php\/wp-json\/wp\/v2\/pages"}],"about":[{"href":"https:\/\/omeryelkenci.com\/index.php\/wp-json\/wp\/v2\/types\/page"}],"author":[{"embeddable":true,"href":"https:\/\/omeryelkenci.com\/index.php\/wp-json\/wp\/v2\/users\/2"}],"replies":[{"embeddable":true,"href":"https:\/\/omeryelkenci.com\/index.php\/wp-json\/wp\/v2\/comments?post=117"}],"version-history":[{"count":7,"href":"https:\/\/omeryelkenci.com\/index.php\/wp-json\/wp\/v2\/pages\/117\/revisions"}],"predecessor-version":[{"id":147,"href":"https:\/\/omeryelkenci.com\/index.php\/wp-json\/wp\/v2\/pages\/117\/revisions\/147"}],"wp:attachment":[{"href":"https:\/\/omeryelkenci.com\/index.php\/wp-json\/wp\/v2\/media?parent=117"}],"curies":[{"name":"wp","href":"https:\/\/api.w.org\/{rel}","templated":true}]}}