{"id":17,"date":"2026-03-11T19:12:11","date_gmt":"2026-03-11T19:12:11","guid":{"rendered":"https:\/\/omeryelkenci.com\/?page_id=17"},"modified":"2026-03-21T12:00:58","modified_gmt":"2026-03-21T12:00:58","slug":"hakkimda","status":"publish","type":"page","link":"https:\/\/omeryelkenci.com\/index.php\/hakkimda\/","title":{"rendered":"Hakk\u0131mda"},"content":{"rendered":"\n<blockquote class=\"wp-block-quote is-layout-flow wp-block-quote-is-layout-flow\">\n<p>Merhaba, ben \u00d6mer.<br>Yarat\u0131c\u0131 fikirleri hayata ge\u00e7irmeyi seven, s\u00fcrekli \u00f6\u011frenmeye ve geli\u015fmeye a\u00e7\u0131k biriyim. Web tasar\u0131m\u0131 \u00fczerine \u00e7al\u0131\u015f\u0131yor, projelerimde estetik ve i\u015flevselli\u011fi bir araya getirmeye \u00f6zen g\u00f6steriyorum.<br>Bu siteyi, yapt\u0131\u011f\u0131m i\u015fleri payla\u015fmak ve yeni i\u015fbirliklerine kap\u0131 aralamak i\u00e7in kurdum.<\/p>\n<\/blockquote>\n\n\n\n<p>\u0130leti\u015fim:<\/p>\n\n\n\n<div class=\"wp-block-buttons is-layout-flex wp-block-buttons-is-layout-flex\">\n<div class=\"wp-block-button\"><a class=\"wp-block-button__link wp-element-button\" href=\"https:\/\/omeryelkenci.com\/index.php\/gmail-adresimiz\/\">GMAIL \u0130le Mesaj G\u00f6nderin<\/a><\/div>\n<\/div>\n\n\n\n<p><\/p>\n","protected":false},"excerpt":{"rendered":"<p>Merhaba, ben \u00d6mer.Yarat\u0131c\u0131 fikirleri hayata ge\u00e7irmeyi seven, s\u00fcrekli \u00f6\u011frenmeye ve geli\u015fmeye a\u00e7\u0131k biriyim. Web tasar\u0131m\u0131 \u00fczerine \u00e7al\u0131\u015f\u0131yor, projelerimde estetik ve i\u015flevselli\u011fi bir araya getirmeye \u00f6zen g\u00f6steriyorum.Bu siteyi, yapt\u0131\u011f\u0131m i\u015fleri payla\u015fmak ve yeni i\u015fbirliklerine kap\u0131 aralamak i\u00e7in kurdum. \u0130leti\u015fim:<\/p>\n","protected":false},"author":1,"featured_media":0,"parent":0,"menu_order":0,"comment_status":"closed","ping_status":"closed","template":"","meta":{"footnotes":""},"class_list":["post-17","page","type-page","status-publish","hentry"],"yoast_head":"<!-- This site is optimized with the Yoast SEO plugin v27.1.1 - https:\/\/yoast.com\/product\/yoast-seo-wordpress\/ -->\n<title>Hakk\u0131mda - OmerHub<\/title>\n<meta name=\"robots\" content=\"index, follow, max-snippet:-1, max-image-preview:large, max-video-preview:-1\" \/>\n<link rel=\"canonical\" href=\"https:\/\/omeryelkenci.com\/index.php\/hakkimda\/\" \/>\n<meta property=\"og:locale\" content=\"tr_TR\" \/>\n<meta property=\"og:type\" content=\"article\" \/>\n<meta property=\"og:title\" content=\"Hakk\u0131mda - OmerHub\" \/>\n<meta property=\"og:description\" content=\"Merhaba, ben \u00d6mer.Yarat\u0131c\u0131 fikirleri hayata ge\u00e7irmeyi seven, s\u00fcrekli \u00f6\u011frenmeye ve geli\u015fmeye a\u00e7\u0131k biriyim. Web tasar\u0131m\u0131 \u00fczerine \u00e7al\u0131\u015f\u0131yor, projelerimde estetik ve i\u015flevselli\u011fi bir araya getirmeye \u00f6zen g\u00f6steriyorum.Bu siteyi, yapt\u0131\u011f\u0131m i\u015fleri payla\u015fmak ve yeni i\u015fbirliklerine kap\u0131 aralamak i\u00e7in kurdum. \u0130leti\u015fim:\" \/>\n<meta property=\"og:url\" content=\"https:\/\/omeryelkenci.com\/index.php\/hakkimda\/\" \/>\n<meta property=\"og:site_name\" content=\"OmerHub\" \/>\n<meta property=\"article:modified_time\" content=\"2026-03-21T12:00:58+00:00\" \/>\n<meta name=\"twitter:card\" content=\"summary_large_image\" \/>\n<meta name=\"twitter:label1\" content=\"Est. reading time\" \/>\n\t<meta name=\"twitter:data1\" content=\"1 dakika\" \/>\n<script type=\"application\/ld+json\" class=\"yoast-schema-graph\">{\"@context\":\"https:\/\/schema.org\",\"@graph\":[{\"@type\":\"WebPage\",\"@id\":\"https:\/\/omeryelkenci.com\/index.php\/hakkimda\/\",\"url\":\"https:\/\/omeryelkenci.com\/index.php\/hakkimda\/\",\"name\":\"Hakk\u0131mda - OmerHub\",\"isPartOf\":{\"@id\":\"https:\/\/omeryelkenci.com\/#website\"},\"datePublished\":\"2026-03-11T19:12:11+00:00\",\"dateModified\":\"2026-03-21T12:00:58+00:00\",\"breadcrumb\":{\"@id\":\"https:\/\/omeryelkenci.com\/index.php\/hakkimda\/#breadcrumb\"},\"inLanguage\":\"tr\",\"potentialAction\":[{\"@type\":\"ReadAction\",\"target\":[\"https:\/\/omeryelkenci.com\/index.php\/hakkimda\/\"]}]},{\"@type\":\"BreadcrumbList\",\"@id\":\"https:\/\/omeryelkenci.com\/index.php\/hakkimda\/#breadcrumb\",\"itemListElement\":[{\"@type\":\"ListItem\",\"position\":1,\"name\":\"Home\",\"item\":\"https:\/\/omeryelkenci.com\/\"},{\"@type\":\"ListItem\",\"position\":2,\"name\":\"Hakk\u0131mda\"}]},{\"@type\":\"WebSite\",\"@id\":\"https:\/\/omeryelkenci.com\/#website\",\"url\":\"https:\/\/omeryelkenci.com\/\",\"name\":\"OmerHub\",\"description\":\"\",\"publisher\":{\"@id\":\"https:\/\/omeryelkenci.com\/#organization\"},\"potentialAction\":[{\"@type\":\"SearchAction\",\"target\":{\"@type\":\"EntryPoint\",\"urlTemplate\":\"https:\/\/omeryelkenci.com\/?s={search_term_string}\"},\"query-input\":{\"@type\":\"PropertyValueSpecification\",\"valueRequired\":true,\"valueName\":\"search_term_string\"}}],\"inLanguage\":\"tr\"},{\"@type\":\"Organization\",\"@id\":\"https:\/\/omeryelkenci.com\/#organization\",\"name\":\"OmerHub\",\"url\":\"https:\/\/omeryelkenci.com\/\",\"logo\":{\"@type\":\"ImageObject\",\"inLanguage\":\"tr\",\"@id\":\"https:\/\/omeryelkenci.com\/#\/schema\/logo\/image\/\",\"url\":\"https:\/\/omeryelkenci.com\/wp-content\/uploads\/2026\/03\/omerbot.png\",\"contentUrl\":\"https:\/\/omeryelkenci.com\/wp-content\/uploads\/2026\/03\/omerbot.png\",\"width\":1024,\"height\":1024,\"caption\":\"OmerHub\"},\"image\":{\"@id\":\"https:\/\/omeryelkenci.com\/#\/schema\/logo\/image\/\"}}]}<\/script>\n<!-- \/ Yoast SEO plugin. -->","yoast_head_json":{"title":"Hakk\u0131mda - OmerHub","robots":{"index":"index","follow":"follow","max-snippet":"max-snippet:-1","max-image-preview":"max-image-preview:large","max-video-preview":"max-video-preview:-1"},"canonical":"https:\/\/omeryelkenci.com\/index.php\/hakkimda\/","og_locale":"tr_TR","og_type":"article","og_title":"Hakk\u0131mda - OmerHub","og_description":"Merhaba, ben \u00d6mer.Yarat\u0131c\u0131 fikirleri hayata ge\u00e7irmeyi seven, s\u00fcrekli \u00f6\u011frenmeye ve geli\u015fmeye a\u00e7\u0131k biriyim. Web tasar\u0131m\u0131 \u00fczerine \u00e7al\u0131\u015f\u0131yor, projelerimde estetik ve i\u015flevselli\u011fi bir araya getirmeye \u00f6zen g\u00f6steriyorum.Bu siteyi, yapt\u0131\u011f\u0131m i\u015fleri payla\u015fmak ve yeni i\u015fbirliklerine kap\u0131 aralamak i\u00e7in kurdum. \u0130leti\u015fim:","og_url":"https:\/\/omeryelkenci.com\/index.php\/hakkimda\/","og_site_name":"OmerHub","article_modified_time":"2026-03-21T12:00:58+00:00","twitter_card":"summary_large_image","twitter_misc":{"Est. reading time":"1 dakika"},"schema":{"@context":"https:\/\/schema.org","@graph":[{"@type":"WebPage","@id":"https:\/\/omeryelkenci.com\/index.php\/hakkimda\/","url":"https:\/\/omeryelkenci.com\/index.php\/hakkimda\/","name":"Hakk\u0131mda - OmerHub","isPartOf":{"@id":"https:\/\/omeryelkenci.com\/#website"},"datePublished":"2026-03-11T19:12:11+00:00","dateModified":"2026-03-21T12:00:58+00:00","breadcrumb":{"@id":"https:\/\/omeryelkenci.com\/index.php\/hakkimda\/#breadcrumb"},"inLanguage":"tr","potentialAction":[{"@type":"ReadAction","target":["https:\/\/omeryelkenci.com\/index.php\/hakkimda\/"]}]},{"@type":"BreadcrumbList","@id":"https:\/\/omeryelkenci.com\/index.php\/hakkimda\/#breadcrumb","itemListElement":[{"@type":"ListItem","position":1,"name":"Home","item":"https:\/\/omeryelkenci.com\/"},{"@type":"ListItem","position":2,"name":"Hakk\u0131mda"}]},{"@type":"WebSite","@id":"https:\/\/omeryelkenci.com\/#website","url":"https:\/\/omeryelkenci.com\/","name":"OmerHub","description":"","publisher":{"@id":"https:\/\/omeryelkenci.com\/#organization"},"potentialAction":[{"@type":"SearchAction","target":{"@type":"EntryPoint","urlTemplate":"https:\/\/omeryelkenci.com\/?s={search_term_string}"},"query-input":{"@type":"PropertyValueSpecification","valueRequired":true,"valueName":"search_term_string"}}],"inLanguage":"tr"},{"@type":"Organization","@id":"https:\/\/omeryelkenci.com\/#organization","name":"OmerHub","url":"https:\/\/omeryelkenci.com\/","logo":{"@type":"ImageObject","inLanguage":"tr","@id":"https:\/\/omeryelkenci.com\/#\/schema\/logo\/image\/","url":"https:\/\/omeryelkenci.com\/wp-content\/uploads\/2026\/03\/omerbot.png","contentUrl":"https:\/\/omeryelkenci.com\/wp-content\/uploads\/2026\/03\/omerbot.png","width":1024,"height":1024,"caption":"OmerHub"},"image":{"@id":"https:\/\/omeryelkenci.com\/#\/schema\/logo\/image\/"}}]}},"_links":{"self":[{"href":"https:\/\/omeryelkenci.com\/index.php\/wp-json\/wp\/v2\/pages\/17","targetHints":{"allow":["GET"]}}],"collection":[{"href":"https:\/\/omeryelkenci.com\/index.php\/wp-json\/wp\/v2\/pages"}],"about":[{"href":"https:\/\/omeryelkenci.com\/index.php\/wp-json\/wp\/v2\/types\/page"}],"author":[{"embeddable":true,"href":"https:\/\/omeryelkenci.com\/index.php\/wp-json\/wp\/v2\/users\/1"}],"replies":[{"embeddable":true,"href":"https:\/\/omeryelkenci.com\/index.php\/wp-json\/wp\/v2\/comments?post=17"}],"version-history":[{"count":5,"href":"https:\/\/omeryelkenci.com\/index.php\/wp-json\/wp\/v2\/pages\/17\/revisions"}],"predecessor-version":[{"id":125,"href":"https:\/\/omeryelkenci.com\/index.php\/wp-json\/wp\/v2\/pages\/17\/revisions\/125"}],"wp:attachment":[{"href":"https:\/\/omeryelkenci.com\/index.php\/wp-json\/wp\/v2\/media?parent=17"}],"curies":[{"name":"wp","href":"https:\/\/api.w.org\/{rel}","templated":true}]}}